{"id":97,"date":"2019-10-25T15:38:20","date_gmt":"2019-10-25T12:38:20","guid":{"rendered":"http:\/\/newsite.uludagarch.com.tr\/?page_id=97"},"modified":"2019-11-06T18:30:11","modified_gmt":"2019-11-06T15:30:11","slug":"mimari-soylem","status":"publish","type":"page","link":"https:\/\/umm.com.tr\/?page_id=97","title":{"rendered":"Mimari S\u00f6ylem"},"content":{"rendered":"\n<p>Bug\u00fcn \u00e7a\u011fda\u015f bilgi ve deneyimlerin yeni kavram, ara\u00e7 ve tektoniklerle birlikte ele al\u0131nd\u0131\u011f\u0131 bir s\u00fcre\u00e7tir mimarl\u0131k. Bilgi ve ileti\u015fim teknolojileri ile dijital teknolojilerdeki geli\u015fim, mimari d\u00fc\u015f\u00fcnce, s\u00f6ylem ve tasarlama bi\u00e7imlerini de\u011fi\u015ftirmi\u015ftir. De\u011fi\u015fmeyen en \u00f6nemli bile\u015feni ise yine mekand\u0131r.<\/p>\n\n\n\n<p>Mekan i\u00e7inde ya\u015fad\u0131\u011f\u0131m\u0131z, g\u00fcndelik ya\u015fam pratiklerimizle \u015fekillenen ve varl\u0131\u011f\u0131m\u0131z\u0131n izlerini ta\u015f\u0131yan bir \u2018yer\u2019 olarak tan\u0131mlanabilir. Bu a\u00e7\u0131dan bak\u0131ld\u0131\u011f\u0131nda, her \u00e7a\u011f\u0131n her d\u00f6nemin kendine \u00f6zg\u00fc mekan anlay\u0131\u015f\u0131 onu bi\u00e7imlendiren bir ya\u015fam bi\u00e7imi, politik, etik, estetik, inan\u00e7 ve ilkeleri vard\u0131r. Dolay\u0131s\u0131yla mimari tasar\u0131mda mekan sadece uzaydaki bo\u015flu\u011fu tan\u0131mlayan d\u00fczlemlerden ibaret soyut bir mekan de\u011fil, sosyal ve fiziksel boyutu olan bir yerdir. Bu nedenle mimarl\u0131k s\u00f6ylemimizde mekan ancak sosyal etkile\u015fim ve eylemlerle a\u00e7\u0131klanabilir ve i\u00e7eri\u011fi kavramsalla\u015ft\u0131r\u0131labilir.<\/p>\n\n\n\n<p>Mimarl\u0131k \u00f6z\u00fcnde bir eyleme, tasarlamaya ve tasarlanan\u0131 in\u015fa etmeye y\u00f6nelik oldu\u011fu i\u00e7in; yani salt d\u00fc\u015f\u00fcnsel bir etkinlik olmad\u0131\u011f\u0131 i\u00e7in sanata ve felsefeye olan mesafesi, m\u00fchendislik bilimlerine olan mesafesiyle ayn\u0131d\u0131r. Bu nedenle mimarl\u0131k, sanat ve felsefe gibi disiplinler ile geli\u015ftirdi\u011fi ili\u015fkilerin yan\u0131 s\u0131ra ekonomiden teknolojiye bir\u00e7ok \u00e7a\u011fda\u015f parametreyle s\u00fcrekli olarak yenilenmektedir.<\/p>\n\n\n\n<p>Dolay\u0131s\u0131yla mimarl\u0131k duyarl\u0131l\u0131\u011fa ve d\u00fc\u015f\u00fcnceye dayanan felsefesi bir olgudur. Yere, k\u00fclt\u00fcre, g\u00fcndelik ya\u015fama ve teknolojiye kar\u015f\u0131 duyarl\u0131d\u0131r. Kavramsal bir altyap\u0131s\u0131 vard\u0131r. Bir ustal\u0131k ve yarat\u0131c\u0131l\u0131k ister. Sadece mimari program\u0131n gereklerini ve i\u015fverenin isteklerini kar\u015f\u0131laman\u0131n yan\u0131 s\u0131ra kente ve do\u011faya kar\u015f\u0131 da olduk\u00e7a duyarl\u0131d\u0131r. Kentsel kamusal alan\u0131n olanaklar\u0131n\u0131 yarat\u0131c\u0131 bir tasar\u0131m yakla\u015f\u0131m\u0131yla de\u011ferlendirmeyi hedefler.<\/p>\n\n\n\n<p>Tasar\u0131m kavramsal ve yarat\u0131c\u0131 bir s\u00fcre\u00e7tir. Mimarl\u0131\u011f\u0131 var eden yarat\u0131c\u0131l\u0131k tarihsel, sosyolojik, k\u00fclt\u00fcrel ve teknolojik s\u00fcre\u00e7lerin b\u00fct\u00fcn\u00fcd\u00fcr. Ancak yarat\u0131c\u0131l\u0131\u011f\u0131n vazge\u00e7ilmezi sa\u011fduyudur. Sa\u011fduyu her zaman tasar\u0131mc\u0131 olan\u0131n yani mimar\u0131n g\u00fcncel olan\u0131n ruhunu yans\u0131tma bi\u00e7imidir. Mimarl\u0131k sonu\u00e7ta rasyonel, teknolojik ve somut bir \u00fcr\u00fcn olsa da i\u00e7inde o tasar\u0131m\u0131 meydana \u00e7\u0131kartan duygular\u0131n, beklentilerin, arzular\u0131n ve hayallerin g\u00fc\u00e7l\u00fc \u00f6r\u00fcnt\u00fcs\u00fc durur. Geometri yaln\u0131zca mimar\u0131n mekan\u0131 bi\u00e7imlendirmesi i\u00e7in bir ara\u00e7t\u0131r. Anlam ise her zaman mekan\u0131n i\u00e7indeki ya\u015fant\u0131da sakl\u0131d\u0131r. Di\u011fer bir deyi\u015fle mekana anlam katan ya\u015fant\u0131d\u0131r. Bu ba\u011flamda mimarl\u0131k g\u00fcndelik hayat\u0131n olanaklar\u0131n\u0131 yeni tasar\u0131m yakla\u015f\u0131mlar\u0131yla birlikte g\u00fc\u00e7lendirir.<\/p>\n\n\n\n<p>Mekan \u00fczerine yap\u0131lan t\u00fcm kavramsal \u00e7al\u0131\u015fmalar mekan\u0131n \u00f6z\u00fcn\u00fcn zaman-mekan ili\u015fkisi ba\u011flam\u0131nda sorgulanmas\u0131n\u0131 \u00f6nerir. Kent mekanlar\u0131 sosyal ili\u015fkilerle \u00f6r\u00fcl\u00fcr. Her toplumun g\u00fcndelik ya\u015fant\u0131s\u0131 kentsel mekan\u0131n\u0131 \u00fcretir ve \u015fekillendirir. Dolay\u0131s\u0131yla insan peyzaj ili\u015fkisinin k\u00fclt\u00fcrel bir ba\u011f\u0131 vard\u0131r ve sosyal bir olgudur. T\u00fcm sosyal s\u00fcre\u00e7ler mekansald\u0131r. Kendileri mekan\u0131 \u00fcretirler ve d\u00f6n\u00fc\u015ft\u00fcr\u00fcrler. Bu d\u00f6n\u00fc\u015f\u00fcm s\u00fcrecinde mekan, kavramsal ve bi\u00e7imsel olarak yeniden yap\u0131lan\u0131r.<\/p>\n\n\n\n<p>Tasar\u0131m mekan\u0131n sorguland\u0131\u011f\u0131, program\u0131n yeniden yorumland\u0131\u011f\u0131 bir s\u00fcre\u00e7tir. Dolay\u0131s\u0131yla tasar\u0131m ba\u011flamsald\u0131r. \u2018Yer\u2019in ruhuna, estetik de\u011ferlere, sanata ve k\u00fclt\u00fcre bilin\u00e7li yakla\u015fmay\u0131 gerektirir. Toplumsal sorumluluklar\u0131n\u0131n bilinciyle hareket etmek ve teknik do\u011frulara \u00f6nem vermek gerekir. Tasar\u0131m problemini ele al\u0131rken, do\u011fru i\u015flevsel \u00e7\u00f6z\u00fcmleri aramak, g\u00fcndelik ya\u015fant\u0131n\u0131n pratiklerinden \u00f6\u011frenmek demektir. Bu ba\u011flamda mimarl\u0131k problemi \u00e7\u00f6zmek ve sonucu bulmak de\u011fil problemi sorgulay\u0131p s\u00fcreci tasarlamakt\u0131r.<\/p>\n\n\n\n<p>Sonu\u00e7 olarak yarat\u0131c\u0131 tasar\u0131m mimarl\u0131\u011f\u0131n yaln\u0131zca teknik ve ekonomik bir meseleye indirgenemeyece\u011fi ve bi\u00e7imsel kayg\u0131larla \u00fcretilemeyece\u011fi d\u00fc\u015f\u00fcncesine dayan\u0131r. \u00d6zg\u00fcn tasar\u0131mlar \u00fcretmek, ancak kavramsal \u00e7er\u00e7evesi, felsefesi ve estetik s\u00f6ylemi olan bir mimarl\u0131kla ger\u00e7ekle\u015febilir. Bizim i\u00e7in tasar\u0131m her zaman kavramsal ve maddesel olan\u0131n, soyut ve fiziksel olan\u0131n, hayal ve ger\u00e7ek olan\u0131n, geleneksel ve yeni olan\u0131n aras\u0131nda deneyimlenen bir yolculuktur. Mimarl\u0131k bizim i\u00e7in bir ya\u015fam tarz\u0131d\u0131r.<\/p>\n\n\n\n<br>\n\n\n\n<h5 style=\"text-align: end;\">Orhan ULUDA\u011e \u00b7 Zeynep ULUDA\u011e<\/h5>\n","protected":false},"excerpt":{"rendered":"<p>Bug\u00fcn \u00e7a\u011fda\u015f bilgi ve deneyimlerin yeni kavram, ara\u00e7 ve tektoniklerle birlikte ele al\u0131nd\u0131\u011f\u0131 bir s\u00fcre\u00e7tir mimarl\u0131k. Bilgi ve ileti\u015fim teknolojileri ile dijital teknolojilerdeki geli\u015fim, mimari d\u00fc\u015f\u00fcnce, s\u00f6ylem ve tasarlama bi\u00e7imlerini de\u011fi\u015ftirmi\u015ftir. De\u011fi\u015fmeyen en \u00f6nemli bile\u015feni ise yine mekand\u0131r. Mekan i\u00e7inde ya\u015fad\u0131\u011f\u0131m\u0131z, g\u00fcndelik ya\u015fam pratiklerimizle \u015fekillenen ve varl\u0131\u011f\u0131m\u0131z\u0131n izlerini ta\u015f\u0131yan bir \u2018yer\u2019 olarak tan\u0131mlanabilir. Bu a\u00e7\u0131dan &hellip; <a href=\"https:\/\/umm.com.tr\/?page_id=97\" class=\"more-link\">Continue reading <span class=\"screen-reader-text\">Mimari S\u00f6ylem<\/span> <span class=\"meta-nav\">&rarr;<\/span><\/a><\/p>\n","protected":false},"author":1,"featured_media":0,"parent":0,"menu_order":0,"comment_status":"closed","ping_status":"closed","template":"","meta":{"inline_featured_image":false,"spay_email":""},"_links":{"self":[{"href":"https:\/\/umm.com.tr\/index.php?rest_route=\/wp\/v2\/pages\/97"}],"collection":[{"href":"https:\/\/umm.com.tr\/index.php?rest_route=\/wp\/v2\/pages"}],"about":[{"href":"https:\/\/umm.com.tr\/index.php?rest_route=\/wp\/v2\/types\/page"}],"author":[{"embeddable":true,"href":"https:\/\/umm.com.tr\/index.php?rest_route=\/wp\/v2\/users\/1"}],"replies":[{"embeddable":true,"href":"https:\/\/umm.com.tr\/index.php?rest_route=%2Fwp%2Fv2%2Fcomments&post=97"}],"version-history":[{"count":6,"href":"https:\/\/umm.com.tr\/index.php?rest_route=\/wp\/v2\/pages\/97\/revisions"}],"predecessor-version":[{"id":1899,"href":"https:\/\/umm.com.tr\/index.php?rest_route=\/wp\/v2\/pages\/97\/revisions\/1899"}],"wp:attachment":[{"href":"https:\/\/umm.com.tr\/index.php?rest_route=%2Fwp%2Fv2%2Fmedia&parent=97"}],"curies":[{"name":"wp","href":"https:\/\/api.w.org\/{rel}","templated":true}]}}