{"id":96,"date":"2019-10-25T15:38:10","date_gmt":"2019-10-25T12:38:10","guid":{"rendered":"http:\/\/newsite.uludagarch.com.tr\/?page_id=96"},"modified":"2021-03-25T18:09:12","modified_gmt":"2021-03-25T15:09:12","slug":"hakkinda","status":"publish","type":"page","link":"https:\/\/umm.com.tr\/?page_id=96","title":{"rendered":"Hakk\u0131nda"},"content":{"rendered":"\n<div class=\"wp-block-media-text alignwide has-media-on-the-right is-stacked-on-mobile\" style=\"grid-template-columns:auto 55%\"><figure class=\"wp-block-media-text__media\"><img data-attachment-id=\"1096\" data-permalink=\"https:\/\/umm.com.tr\/?attachment_id=1096\" data-orig-file=\"https:\/\/i1.wp.com\/umm.com.tr\/wp-content\/uploads\/2019\/11\/0000-KULLLAN.jpg?fit=678%2C840&amp;ssl=1\" data-orig-size=\"678,840\" data-comments-opened=\"0\" data-image-meta=\"{&quot;aperture&quot;:&quot;5&quot;,&quot;credit&quot;:&quot;&quot;,&quot;camera&quot;:&quot;NIKON D3100&quot;,&quot;caption&quot;:&quot;&quot;,&quot;created_timestamp&quot;:&quot;1517849718&quot;,&quot;copyright&quot;:&quot;&quot;,&quot;focal_length&quot;:&quot;38&quot;,&quot;iso&quot;:&quot;1600&quot;,&quot;shutter_speed&quot;:&quot;0.066666666666667&quot;,&quot;title&quot;:&quot;&quot;,&quot;orientation&quot;:&quot;1&quot;}\" data-image-title=\"0000-KULLLAN\" data-image-description=\"\" data-medium-file=\"https:\/\/i1.wp.com\/umm.com.tr\/wp-content\/uploads\/2019\/11\/0000-KULLLAN.jpg?fit=242%2C300&amp;ssl=1\" data-large-file=\"https:\/\/i1.wp.com\/umm.com.tr\/wp-content\/uploads\/2019\/11\/0000-KULLLAN.jpg?fit=678%2C840&amp;ssl=1\" loading=\"lazy\" width=\"678\" height=\"840\" src=\"https:\/\/i1.wp.com\/newsite.uludagarch.com.tr\/wp-content\/uploads\/2019\/11\/0000-KULLLAN.jpg?resize=678%2C840\" alt=\"\" class=\"wp-image-1096 size-full\" srcset=\"https:\/\/i1.wp.com\/umm.com.tr\/wp-content\/uploads\/2019\/11\/0000-KULLLAN.jpg?w=678&amp;ssl=1 678w, https:\/\/i1.wp.com\/umm.com.tr\/wp-content\/uploads\/2019\/11\/0000-KULLLAN.jpg?resize=242%2C300&amp;ssl=1 242w, https:\/\/i1.wp.com\/umm.com.tr\/wp-content\/uploads\/2019\/11\/0000-KULLLAN.jpg?resize=220%2C273&amp;ssl=1 220w\" sizes=\"(max-width: 678px) 100vw, 678px\" data-recalc-dims=\"1\" \/><\/figure><div class=\"wp-block-media-text__content\">\n<p>Uluda\u011f Mimarl\u0131k M\u00fc\u015favirlik T\u00fcrkiye\u2019de ve yurtd\u0131\u015f\u0131nda mimarl\u0131k, m\u00fchendislik, planlama, fizibilite, dan\u0131\u015fmanl\u0131k, yap\u0131m m\u00fc\u015favirli\u011fi ve y\u00f6netimi hizmetleri veren bir mimarl\u0131k, m\u00fchendislik ve m\u00fc\u015favirlik \u015firketidir. <\/p>\n\n\n\n<p>1987 y\u0131l\u0131nda Orhan ULUDA\u011e ve Zeynep ULUDA\u011e taraf\u0131ndan kurulmu\u015ftur. Her iki kurucu ortak da ODT\u00dc Mimarl\u0131k B\u00f6l\u00fcm\u00fc mezunudur. Ba\u015flang\u0131\u00e7ta \u015firketimiz farkl\u0131 fonksiyonlardaki yap\u0131lar\u0131n mimarl\u0131k, tasar\u0131m ve m\u00fchendislik proje hizmetlerini ger\u00e7ekle\u015ftirmi\u015ftir. 1994 y\u0131l\u0131ndan itibaren \u00e7al\u0131\u015fma alan\u0131n\u0131 geni\u015fleten Uluda\u011f Mimarl\u0131k M\u00fc\u015favirlik t\u00fcm mimarl\u0131k, m\u00fchendislik, m\u00fc\u015favirlik, in\u015faat y\u00f6netimi, altyap\u0131, ihale haz\u0131rl\u0131\u011f\u0131 vb. konularda deneyimli kadrosu, de\u011ferli m\u00fc\u015favirleri ve \u00e7\u00f6z\u00fcm ortaklar\u0131yla bu hizmetleri ba\u015far\u0131yla s\u00fcrd\u00fcrmektedir.<\/p>\n\n\n\n<p>Uluda\u011f Mimarl\u0131k M\u00fc\u015favirlik geni\u015f bilgi birikimi ve deneyimi ile i\u015fverenin ihtiya\u00e7lar\u0131n\u0131 eksiksiz kar\u015f\u0131layan, \u00e7evreyle uyumlu, ekonomik \u00e7\u00f6z\u00fcmler i\u00e7eren, ya\u015fam-mekan kalitesini y\u00fckseltmeyi hedefleyen, d\u00fcnya standartlar\u0131nda, estetik projeler \u00fcretmeyi hedeflemektedir. \u00dcstlenilen t\u00fcm projelerde mimarinin sanat ve felsefenin yan\u0131 s\u0131ra m\u00fchendislik bilimleriyle de geli\u015ftirdi\u011fi ili\u015fkiler tasar\u0131mlara yans\u0131t\u0131l\u0131rken, ekonomiden teknolojiye bir\u00e7ok \u00e7a\u011fda\u015f parametrenin tasar\u0131m ana kriterleri aras\u0131nda de\u011ferlendirilmesine \u00f6zen g\u00f6stermi\u015ftir. <\/p>\n\n\n\n<p>\u00dcr\u00fcn ve hizmet kalitesinin belirleyici \u00f6geleri olan uzmanl\u0131k, deneyim, proje y\u00f6netimi, teknolojik alt yap\u0131, mevzuat bilgisi ile Uluda\u011f Mimarl\u0131k M\u00fc\u015favirlik kurmu\u015f oldu\u011fu TS EN ISO 9001:2008 kalite y\u00f6netim standartlar\u0131 \u00e7er\u00e7evesinde, Y\u00f6netim Sistemi Stratejilerine uygun olarak Unicert b\u00fcnyesi i\u00e7inde kaliteli hizmet sunmay\u0131 ve bunun s\u00fcreklili\u011fini sa\u011flamay\u0131 taahh\u00fct etmektedir. En ileri bilgisayar ve yaz\u0131l\u0131m olanaklar\u0131 ve proje hizmeti i\u00e7in gerekli bulunan teknolojik ofis olanaklar\u0131 ile kesintisiz hizmet sa\u011flanmaktad\u0131r. Firman\u0131n merkezi Ankara\u2019da olmakla birlikte \u0130stanbul\u2019daki ofisiyle de proje ve dan\u0131\u015fmanl\u0131k hizmetlerini s\u00fcrd\u00fcrmektedir. <\/p>\n\n\n\n<p>Uluda\u011f Mimarl\u0131\u011f\u0131n referanslar\u0131 aras\u0131nda pek \u00e7ok ulusal ve uluslararas\u0131 proje yer almaktad\u0131r. Bu projeler aras\u0131nda metro ve hafif rayl\u0131 sistemler, havaalan\u0131 tesisleri, h\u0131zl\u0131 tren istasyonlar\u0131, spor tesisleri, end\u00fcstriyel tesisler, idari ve ticari yap\u0131lar, k\u00fclt\u00fcr ve kongre merkezleri, k\u00fct\u00fcphane, \u00fcniversite ve okul binalar\u0131, oteller, hastaneler, askeri tesisler, \u015fehir parklar\u0131 yer almaktad\u0131r. <\/p>\n\n\n\n<p><strong>\u00dcYEL\u0130KLER&nbsp;<\/strong>\u25a0<br>Ankara Ticaret Odas\u0131<br>TMMOB Mimarlar Odas\u0131<br>T\u00fcrk M\u00fc\u015favir M\u00fchendisler ve Mimarlar Birli\u011fi<br>FIDIC (International Federation of Consulting Engineers)<br>EFCA (European Federation of Engineering Consultancy Association)<br>TOBB Teknik M\u00fc\u015favirlik Meclisi<br>T\u00fcrk Serbest Mimarlar Derne\u011fi<br>Mimarlar Derne\u011fi 1927\n\n<\/p>\n<\/div><\/div>\n","protected":false},"excerpt":{"rendered":"<p>Uluda\u011f Mimarl\u0131k M\u00fc\u015favirlik T\u00fcrkiye\u2019de ve yurtd\u0131\u015f\u0131nda mimarl\u0131k, m\u00fchendislik, planlama, fizibilite, dan\u0131\u015fmanl\u0131k, yap\u0131m m\u00fc\u015favirli\u011fi ve y\u00f6netimi hizmetleri veren bir mimarl\u0131k, m\u00fchendislik ve m\u00fc\u015favirlik \u015firketidir. 1987 y\u0131l\u0131nda Orhan ULUDA\u011e ve Zeynep ULUDA\u011e taraf\u0131ndan kurulmu\u015ftur. Her iki kurucu ortak da ODT\u00dc Mimarl\u0131k B\u00f6l\u00fcm\u00fc mezunudur. Ba\u015flang\u0131\u00e7ta \u015firketimiz farkl\u0131 fonksiyonlardaki yap\u0131lar\u0131n mimarl\u0131k, tasar\u0131m ve m\u00fchendislik proje hizmetlerini ger\u00e7ekle\u015ftirmi\u015ftir. 1994 y\u0131l\u0131ndan &hellip; <a href=\"https:\/\/umm.com.tr\/?page_id=96\" class=\"more-link\">Continue reading <span class=\"screen-reader-text\">Hakk\u0131nda<\/span> <span class=\"meta-nav\">&rarr;<\/span><\/a><\/p>\n","protected":false},"author":1,"featured_media":0,"parent":0,"menu_order":0,"comment_status":"closed","ping_status":"closed","template":"","meta":{"inline_featured_image":false,"spay_email":""},"_links":{"self":[{"href":"https:\/\/umm.com.tr\/index.php?rest_route=\/wp\/v2\/pages\/96"}],"collection":[{"href":"https:\/\/umm.com.tr\/index.php?rest_route=\/wp\/v2\/pages"}],"about":[{"href":"https:\/\/umm.com.tr\/index.php?rest_route=\/wp\/v2\/types\/page"}],"author":[{"embeddable":true,"href":"https:\/\/umm.com.tr\/index.php?rest_route=\/wp\/v2\/users\/1"}],"replies":[{"embeddable":true,"href":"https:\/\/umm.com.tr\/index.php?rest_route=%2Fwp%2Fv2%2Fcomments&post=96"}],"version-history":[{"count":23,"href":"https:\/\/umm.com.tr\/index.php?rest_route=\/wp\/v2\/pages\/96\/revisions"}],"predecessor-version":[{"id":5260,"href":"https:\/\/umm.com.tr\/index.php?rest_route=\/wp\/v2\/pages\/96\/revisions\/5260"}],"wp:attachment":[{"href":"https:\/\/umm.com.tr\/index.php?rest_route=%2Fwp%2Fv2%2Fmedia&parent=96"}],"curies":[{"name":"wp","href":"https:\/\/api.w.org\/{rel}","templated":true}]}}