{"id":75,"date":"2019-10-24T16:59:20","date_gmt":"2019-10-24T13:59:20","guid":{"rendered":"http:\/\/newsite.uludagarch.com.tr\/?page_id=75"},"modified":"2024-07-31T10:23:38","modified_gmt":"2024-07-31T07:23:38","slug":"iletisim","status":"publish","type":"page","link":"https:\/\/umm.com.tr\/?page_id=75","title":{"rendered":"\u0130LET\u0130\u015e\u0130M"},"content":{"rendered":"\n<figure><iframe loading=\"lazy\" src=\"https:\/\/www.google.com\/maps\/embed?pb=!1m18!1m12!1m3!1d7280.080481830616!2d32.70667330242028!3d39.89894301467738!2m3!1f0!2f0!3f0!3m2!1i1024!2i768!4f13.1!3m3!1m2!1s0x14d3387977adceeb%3A0x1d33abc37bc05c8d!2zVWx1ZGHEnyBNaW1hcmzEsWsgTcO8xZ9hdmlybGlr!5e0!3m2!1str!2str!4v1534247317715\" width=\"100%\" height=\"600\" allowfullscreen=\"allowfullscreen\"><\/iframe><\/figure><br>\n\n\n\n<h4>ANKARA OF\u0130S \u25a0<\/h4>\n\n\n\n<p>Mutlukent Mahallesi 2072. Sokak, \u00dcmitk\u00f6y No:4, 06800 \u00c7ankaya\/Ankara  |  <strong>T:<\/strong> +90 312 236 19 19  |  <strong>F:<\/strong> +90 312 236 18 78  |  <strong>E:<\/strong> uludag@umm.com.tr <\/p>\n","protected":false},"excerpt":{"rendered":"<p>ANKARA OF\u0130S \u25a0 Mutlukent Mahallesi 2072. Sokak, \u00dcmitk\u00f6y No:4, 06800 \u00c7ankaya\/Ankara | T: +90 312 236 19 19 | F: +90 312 236 18 78 | E: uludag@umm.com.tr<\/p>\n","protected":false},"author":1,"featured_media":0,"parent":0,"menu_order":0,"comment_status":"closed","ping_status":"closed","template":"","meta":{"inline_featured_image":false,"spay_email":""},"_links":{"self":[{"href":"https:\/\/umm.com.tr\/index.php?rest_route=\/wp\/v2\/pages\/75"}],"collection":[{"href":"https:\/\/umm.com.tr\/index.php?rest_route=\/wp\/v2\/pages"}],"about":[{"href":"https:\/\/umm.com.tr\/index.php?rest_route=\/wp\/v2\/types\/page"}],"author":[{"embeddable":true,"href":"https:\/\/umm.com.tr\/index.php?rest_route=\/wp\/v2\/users\/1"}],"replies":[{"embeddable":true,"href":"https:\/\/umm.com.tr\/index.php?rest_route=%2Fwp%2Fv2%2Fcomments&post=75"}],"version-history":[{"count":15,"href":"https:\/\/umm.com.tr\/index.php?rest_route=\/wp\/v2\/pages\/75\/revisions"}],"predecessor-version":[{"id":6559,"href":"https:\/\/umm.com.tr\/index.php?rest_route=\/wp\/v2\/pages\/75\/revisions\/6559"}],"wp:attachment":[{"href":"https:\/\/umm.com.tr\/index.php?rest_route=%2Fwp%2Fv2%2Fmedia&parent=75"}],"curies":[{"name":"wp","href":"https:\/\/api.w.org\/{rel}","templated":true}]}}