{"id":4854,"date":"2021-03-23T17:00:17","date_gmt":"2021-03-23T14:00:17","guid":{"rendered":"http:\/\/uludagarch.com.tr\/?page_id=4854"},"modified":"2024-07-31T10:33:43","modified_gmt":"2024-07-31T07:33:43","slug":"oduller-2","status":"publish","type":"page","link":"https:\/\/umm.com.tr\/?page_id=4854","title":{"rendered":"\u00d6D\u00dcLLER"},"content":{"rendered":"\n<p>\u2022 2024, RETHINKING THE FUTURE Awards K\u00fclt\u00fcrel Konsept Projeler Kategorisi \u0130kincisi<a href=\"https:\/\/awards.re-thinkingthefuture.com\/karamursel-maritime-museum-umm-uludag-architecture\/\"> -Karam\u00fcrsel Denizcilik M\u00fczesi<\/a><br>\u2022 2024, World Architecture Community \u00d6d\u00fclleri 47. D\u00f6nem <a href=\"https:\/\/worldarchitecture.org\/architecture-projects\/pzhve\/maritime-museum---karamursel-project-pages.html\"> -Karam\u00fcrsel Denizcilik M\u00fczesi<\/a><br>\u2022 2023, World Architecture Community \u00d6d\u00fclleri 43. D\u00f6nem &#8211; Tamamlanm\u0131\u015f Yap\u0131lar <a href=\"https:\/\/worldarchitecture.org\/architecture-projects\/hmneg\/erzurum-museum-project-pages.html\"> -Erzurum M\u00fczesi<\/a><br>\u2022 2022, World Architecture Community \u00d6d\u00fclleri 42. D\u00f6nem <a href=\"https:\/\/uludagarch.com.tr\/?portfolio=pamukkale-kultur-merkezi\"> -Pamukkale K\u00fclt\u00fcr Merkezi<\/a><br>\u2022 2022, World Architecture Festival Finalisti Altyap\u0131 Kategorisi<a href=\"https:\/\/uludagarch.com.tr\/?portfolio=istanbulport-yenikapi-kruvaziyer-limani\"> \u2013IstanbulPort \u2013 Yenikap\u0131 Kruvaziyer Liman\u0131<\/a><br>\u2022 2022, World Architecture Festivali Finalisti Gelecek Projeler Kategorisi <a href=\"https:\/\/uludagarch.com.tr\/?portfolio=buyukada-carsi-camii-mimari-fikir-projesi-yarismasi\">\u2013 B\u00fcy\u00fckada \u00c7ar\u015f\u0131 Camii Mimari Tasar\u0131m Yar\u0131\u015fmas\u0131<\/a><br>\u2022 2020, World Architecture Community \u00d6d\u00fclleri 33. D\u00f6nem \u2013 Eski\u015fehir Y\u00fcksek H\u0131zl\u0131 Tren \u0130stasyonu<br>\u2022 2018, T\u00fcrk Yap\u0131sal \u00c7elik Derne\u011fi, Ulusal \u00c7elik Yap\u0131 \u00d6d\u00fclleri, Proje \u00d6d\u00fcl\u00fc, Eski\u015fehir Y\u00fcksek H\u0131zl\u0131 Tren Gar\u0131<br>\u2022 2018, T\u00fcrk Yap\u0131sal \u00c7elik Derne\u011fi, Ulusal \u00c7elik Yap\u0131 \u00d6d\u00fclleri, Yap\u0131 \u00d6d\u00fcl\u00fc, Mersin Spor Salonu<br>\u2022 2015, World Architecture K\u0131sa Liste, Mersin Spor Salonu<br>\u2022 2014, World Architecture Community \u00d6d\u00fclleri 16. D\u00f6nem \u2013 Konya Sel\u00e7uklu Camii<br>\u2022 2013, Milli E\u011fitim Bakanl\u0131\u011f\u0131 Malatya E\u011fitim Kamp\u00fcs\u00fc Mimari Proje Yar\u0131\u015fmas\u0131 2.lik \u00d6d\u00fcl\u00fc<br>\u2022 2013, Milli E\u011fitim Bakanl\u0131\u011f\u0131 A\u011fr\u0131 Do\u011fubeyaz\u0131t E\u011fitim Kamp\u00fcs\u00fc Mimari Proje Yar\u0131\u015fmas\u0131 3.l\u00fck \u00d6d\u00fcl\u00fc<br>\u2022 2006, T\u00dcB\u0130TAK, \u201cUluslararas\u0131 Yay\u0131nlar\u0131 Te\u015fvik \u00d6d\u00fcl\u00fc\u201d<br>\u2022 2006, Gazi \u00dcniversitesi Rekt\u00f6rl\u00fc\u011f\u00fc, \u201cAt\u0131f \u00d6d\u00fcl\u00fc\u201d<br>\u2022 2005, Gazi \u00dcniversitesi Rekt\u00f6rl\u00fc\u011f\u00fc, \u201cUluslararas\u0131 Yay\u0131nlar\u0131 Te\u015fvik \u00d6d\u00fcl\u00fc\u201d<br>\u2022 1992, Tip 200 Yatakl\u0131 Ruh ve Sinir Hastal\u0131klar\u0131 Hastanesi ve Rehabilitasyon Merkezi Mimari Proje Yar\u0131\u015fmas\u0131 3. Mansiyon<br>\u2022 1988, G\u00dcR\u0130\u015e Beytepe Villalar\u0131 Ankara, Davetli Mimari Proje Yar\u0131\u015fmas\u0131, \u201c1. \u00d6d\u00fcl\u201d<br>\u2022 1984-85, Yap\u0131 End\u00fcstri Merkezi, \u201cMimarl\u0131k \u00d6\u011frencileri Ba\u015far\u0131 \u00d6d\u00fcl\u00fc\u201d<\/p>\n\n\n\n<p style=\"font-size: 30px;\"><strong>SERG\u0130LER<\/strong><\/p>\n\n\n\n<p>\u2022 Berlin Mimarlar Odas\u0131, Bauhaus 100. Y\u0131l, \u201cAnkara\u2019da Konut:<br>Housing in Ankara 1980-2019\u201d Berlin Karma Sergisi<br>\u2022&nbsp;TSMD 2020 Vitra ile \u00c7a\u011fda\u015f Mimarl\u0131k Pratikleri Karma Sergisi<br>\u2022&nbsp;Uluda\u011f Mimarl\u0131k 30. Y\u0131l Sergisi<br>\u2022&nbsp;At\u0131l\u0131m \u00dcniversitesi 2018 Mimar Sinan Etkinlikleri kapsam\u0131nda<br>\u2022 Uluda\u011f Mimarl\u0131k Sergisi<br>\u2022&nbsp;Ulusal Mimarl\u0131k Sergisi 2018<br>\u2022&nbsp;Koleksiyon \/ TSMD Mimarlar\u0131 Ofis Projeleriyle A\u011f\u0131rl\u0131yor<br>\u2022&nbsp;TSMD 30. Y\u0131l Karma Sergisi<br>\u2022&nbsp;Koleksiyon \/ TSMD Mimarlar\u0131 Konut Projeleri ile A\u011f\u0131rl\u0131yor<br>\u2022&nbsp;Koleksiyon \/ TSMD Mimarlar\u0131 A\u011f\u0131rl\u0131yor- 39: Karma Sergi<br>\u2022&nbsp;Ulusal Mimarl\u0131k Sergisi 2016<br>\u2022&nbsp;Gazi \u00dcniversitesi Mimarl\u0131k Fak\u00fcltesi Koleksiyon \/ TSMD Mimarlar\u0131 A\u011f\u0131rl\u0131yor<br>\u2022&nbsp;TMMMB 2014 Teknik M\u00fc\u015favirlik Kongresi, Karma Sergisi<br>\u2022&nbsp;Ulusal Mimarl\u0131k Sergisi 2014<br>\u2022&nbsp;Koleksiyon \/ TSMD Mimarlar\u0131 A\u011f\u0131rl\u0131yor: Eski\u015fehir<br>\u2022&nbsp;Ulusal Mimarl\u0131k Sergisi 2012<br>\u2022&nbsp;Koleksiyon \/ TSMD Mimarlar\u0131 A\u011f\u0131rl\u0131yor 14<br>\u2022&nbsp;Ulusal Mimarl\u0131k Sergisi 2010<br>\u2022&nbsp;Ulusal Mimarl\u0131k Sergisi 2008<br>\u2022&nbsp;Ulusal Mimarl\u0131k Sergisi 2006<br>\u2022&nbsp;Ulusal Mimarl\u0131k Sergisi 2004<br>\u2022&nbsp;Ulusal Mimarl\u0131k Sergisi 2002<\/p>\n","protected":false},"excerpt":{"rendered":"<p>\u2022 2024, RETHINKING THE FUTURE Awards K\u00fclt\u00fcrel Konsept Projeler Kategorisi \u0130kincisi -Karam\u00fcrsel Denizcilik M\u00fczesi\u2022 2024, World Architecture Community \u00d6d\u00fclleri 47. D\u00f6nem -Karam\u00fcrsel Denizcilik M\u00fczesi\u2022 2023, World Architecture Community \u00d6d\u00fclleri 43. D\u00f6nem &#8211; Tamamlanm\u0131\u015f Yap\u0131lar -Erzurum M\u00fczesi\u2022 2022, World Architecture Community \u00d6d\u00fclleri 42. D\u00f6nem -Pamukkale K\u00fclt\u00fcr Merkezi\u2022 2022, World Architecture Festival Finalisti Altyap\u0131 Kategorisi \u2013IstanbulPort \u2013 &hellip; <a href=\"https:\/\/umm.com.tr\/?page_id=4854\" class=\"more-link\">Continue reading <span class=\"screen-reader-text\">\u00d6D\u00dcLLER<\/span> <span class=\"meta-nav\">&rarr;<\/span><\/a><\/p>\n","protected":false},"author":1,"featured_media":0,"parent":0,"menu_order":0,"comment_status":"closed","ping_status":"closed","template":"","meta":{"inline_featured_image":false,"spay_email":""},"_links":{"self":[{"href":"https:\/\/umm.com.tr\/index.php?rest_route=\/wp\/v2\/pages\/4854"}],"collection":[{"href":"https:\/\/umm.com.tr\/index.php?rest_route=\/wp\/v2\/pages"}],"about":[{"href":"https:\/\/umm.com.tr\/index.php?rest_route=\/wp\/v2\/types\/page"}],"author":[{"embeddable":true,"href":"https:\/\/umm.com.tr\/index.php?rest_route=\/wp\/v2\/users\/1"}],"replies":[{"embeddable":true,"href":"https:\/\/umm.com.tr\/index.php?rest_route=%2Fwp%2Fv2%2Fcomments&post=4854"}],"version-history":[{"count":19,"href":"https:\/\/umm.com.tr\/index.php?rest_route=\/wp\/v2\/pages\/4854\/revisions"}],"predecessor-version":[{"id":6562,"href":"https:\/\/umm.com.tr\/index.php?rest_route=\/wp\/v2\/pages\/4854\/revisions\/6562"}],"wp:attachment":[{"href":"https:\/\/umm.com.tr\/index.php?rest_route=%2Fwp%2Fv2%2Fmedia&parent=4854"}],"curies":[{"name":"wp","href":"https:\/\/api.w.org\/{rel}","templated":true}]}}