{"id":37,"date":"2019-10-23T18:22:12","date_gmt":"2019-10-23T15:22:12","guid":{"rendered":"http:\/\/newsite.uludagarch.com.tr\/?page_id=37"},"modified":"2019-10-31T13:56:08","modified_gmt":"2019-10-31T10:56:08","slug":"kariyer","status":"publish","type":"page","link":"https:\/\/umm.com.tr\/?page_id=37","title":{"rendered":"KAR\u0130YER"},"content":{"rendered":"<div role=\"form\" class=\"wpcf7\" id=\"wpcf7-f138-o1\" lang=\"en-US\" dir=\"ltr\">\n<div class=\"screen-reader-response\"><\/div>\n<form action=\"\/index.php?rest_route=%2Fwp%2Fv2%2Fpages%2F37#wpcf7-f138-o1\" method=\"post\" class=\"wpcf7-form\" enctype=\"multipart\/form-data\" novalidate=\"novalidate\">\n<div style=\"display: none;\">\n<input type=\"hidden\" name=\"_wpcf7\" value=\"138\" \/>\n<input type=\"hidden\" name=\"_wpcf7_version\" value=\"5.1.4\" \/>\n<input type=\"hidden\" name=\"_wpcf7_locale\" value=\"en_US\" \/>\n<input type=\"hidden\" name=\"_wpcf7_unit_tag\" value=\"wpcf7-f138-o1\" \/>\n<input type=\"hidden\" name=\"_wpcf7_container_post\" value=\"0\" \/>\n<input type=\"hidden\" name=\"g-recaptcha-response\" value=\"\" \/>\n<\/div>\n<p><label style=\"margin-bottom:15px;\"> \u0130sim Soyisim* <\/label><br \/>\n    <span class=\"wpcf7-form-control-wrap isim\"><input type=\"text\" name=\"isim\" value=\"\" size=\"40\" class=\"wpcf7-form-control wpcf7-text wpcf7-validates-as-required\" aria-required=\"true\" aria-invalid=\"false\" \/><\/span> <\/p>\n<p><label style=\"margin-bottom:15px;\"> E-posta Adresi* <\/label><br \/>\n    <span class=\"wpcf7-form-control-wrap eposta\"><input type=\"email\" name=\"eposta\" value=\"\" size=\"40\" class=\"wpcf7-form-control wpcf7-text wpcf7-email wpcf7-validates-as-required wpcf7-validates-as-email\" aria-required=\"true\" aria-invalid=\"false\" \/><\/span> <\/p>\n<p><label style=\"margin-bottom:15px;\"> Adres* <\/label><br \/>\n    <span class=\"wpcf7-form-control-wrap adres\"><input type=\"text\" name=\"adres\" value=\"\" size=\"40\" class=\"wpcf7-form-control wpcf7-text wpcf7-validates-as-required\" aria-required=\"true\" aria-invalid=\"false\" \/><\/span> <\/p>\n<p><label style=\"margin-bottom:15px;\"> Cep Telefonu* <\/label><br \/>\n    <span class=\"wpcf7-form-control-wrap tele\"><input type=\"text\" name=\"tele\" value=\"\" size=\"40\" class=\"wpcf7-form-control wpcf7-text wpcf7-validates-as-required\" aria-required=\"true\" aria-invalid=\"false\" \/><\/span> <\/p>\n<p><label style=\"margin-bottom:15px;\"> Ba\u015fvurulan Pozisyon* <\/label><br \/>\n    <span class=\"wpcf7-form-control-wrap pozisyon\"><span class=\"wpcf7-form-control wpcf7-checkbox wpcf7-validates-as-required\"><span class=\"wpcf7-list-item first\"><input type=\"checkbox\" name=\"pozisyon[]\" value=\"Mimar\" \/><span class=\"wpcf7-list-item-label\">Mimar<\/span><\/span><span class=\"wpcf7-list-item\"><input type=\"checkbox\" name=\"pozisyon[]\" value=\"\u0130\u00e7 Mimar\" \/><span class=\"wpcf7-list-item-label\">\u0130\u00e7 Mimar<\/span><\/span><span class=\"wpcf7-list-item\"><input type=\"checkbox\" name=\"pozisyon[]\" value=\"Peyzaj Mimar\u0131\" \/><span class=\"wpcf7-list-item-label\">Peyzaj Mimar\u0131<\/span><\/span><span class=\"wpcf7-list-item\"><input type=\"checkbox\" name=\"pozisyon[]\" value=\"Teknik Ressam\" \/><span class=\"wpcf7-list-item-label\">Teknik Ressam<\/span><\/span><span class=\"wpcf7-list-item\"><input type=\"checkbox\" name=\"pozisyon[]\" value=\"G\u00f6rselle\u015ftirme Uzman\u0131\" \/><span class=\"wpcf7-list-item-label\">G\u00f6rselle\u015ftirme Uzman\u0131<\/span><\/span><span class=\"wpcf7-list-item last\"><input type=\"checkbox\" name=\"pozisyon[]\" value=\"Stajyer\" \/><span class=\"wpcf7-list-item-label\">Stajyer<\/span><\/span><\/span><\/span> <\/p>\n<p><label style=\"margin-bottom:15px;\"> Uyruk* <\/label><br \/>\n     <span class=\"wpcf7-form-control-wrap uyruk\"><input type=\"text\" name=\"uyruk\" value=\"\" size=\"40\" class=\"wpcf7-form-control wpcf7-text wpcf7-validates-as-required\" aria-required=\"true\" aria-invalid=\"false\" \/><\/span> <\/p>\n<p><label style=\"margin-bottom:15px;\"> Dil Bilgisi* <\/label><br \/>\n     <span class=\"wpcf7-form-control-wrap dil\"><span class=\"wpcf7-form-control wpcf7-checkbox wpcf7-validates-as-required\"><span class=\"wpcf7-list-item first\"><input type=\"checkbox\" name=\"dil[]\" value=\"T\u00fcrk\u00e7e\" \/><span class=\"wpcf7-list-item-label\">T\u00fcrk\u00e7e<\/span><\/span><span class=\"wpcf7-list-item\"><input type=\"checkbox\" name=\"dil[]\" value=\"\u0130ngilizce\" \/><span class=\"wpcf7-list-item-label\">\u0130ngilizce<\/span><\/span><span class=\"wpcf7-list-item\"><input type=\"checkbox\" name=\"dil[]\" value=\"Frans\u0131zca\" \/><span class=\"wpcf7-list-item-label\">Frans\u0131zca<\/span><\/span><span class=\"wpcf7-list-item\"><input type=\"checkbox\" name=\"dil[]\" value=\"Almanca\" \/><span class=\"wpcf7-list-item-label\">Almanca<\/span><\/span><span class=\"wpcf7-list-item\"><input type=\"checkbox\" name=\"dil[]\" value=\"Rus\u00e7a\" \/><span class=\"wpcf7-list-item-label\">Rus\u00e7a<\/span><\/span><span class=\"wpcf7-list-item last\"><input type=\"checkbox\" name=\"dil[]\" value=\"Arap\u00e7a\" \/><span class=\"wpcf7-list-item-label\">Arap\u00e7a<\/span><\/span><\/span><\/span> <\/p>\n<p><label style=\"margin-bottom:15px;\"> Niyet Mektubu(Maksimum: 1MB)* <\/label><br \/>\n     <span class=\"wpcf7-form-control-wrap motivasyon\"><input type=\"file\" name=\"motivasyon\" size=\"40\" class=\"wpcf7-form-control wpcf7-file wpcf7-validates-as-required\" accept=\".doc,.docx,.pdf,.jpg,.jpeg\" aria-required=\"true\" aria-invalid=\"false\" \/><\/span> <\/p>\n<p><label style=\"margin-bottom:15px;\"> \u00d6zge\u00e7mi\u015f(Maksimum: 2MB)*<br \/>\n     <span class=\"wpcf7-form-control-wrap cv\"><input type=\"file\" name=\"cv\" size=\"40\" class=\"wpcf7-form-control wpcf7-file wpcf7-validates-as-required\" accept=\".doc,.docx,.pdf,.jpg,.jpeg\" aria-required=\"true\" aria-invalid=\"false\" \/><\/span> <\/label><\/p>\n<p><label style=\"margin-bottom:15px;\"> Portfolyo(Maksimum: 15MB)*<br \/>\n     <span class=\"wpcf7-form-control-wrap portfolyo\"><input type=\"file\" name=\"portfolyo\" size=\"40\" class=\"wpcf7-form-control wpcf7-file wpcf7-validates-as-required\" accept=\".pdf,.ppt,.pptx\" aria-required=\"true\" aria-invalid=\"false\" \/><\/span> <\/label><\/p>\n<p><label><input type=\"submit\" value=\"Ba\u015fvur\" class=\"wpcf7-form-control wpcf7-submit\" \/><\/label><\/p>\n<div class=\"wpcf7-response-output wpcf7-display-none\"><\/div><\/form><\/div>\n","protected":false},"excerpt":{"rendered":"","protected":false},"author":1,"featured_media":0,"parent":0,"menu_order":0,"comment_status":"closed","ping_status":"closed","template":"","meta":{"inline_featured_image":false,"spay_email":""},"_links":{"self":[{"href":"https:\/\/umm.com.tr\/index.php?rest_route=\/wp\/v2\/pages\/37"}],"collection":[{"href":"https:\/\/umm.com.tr\/index.php?rest_route=\/wp\/v2\/pages"}],"about":[{"href":"https:\/\/umm.com.tr\/index.php?rest_route=\/wp\/v2\/types\/page"}],"author":[{"embeddable":true,"href":"https:\/\/umm.com.tr\/index.php?rest_route=\/wp\/v2\/users\/1"}],"replies":[{"embeddable":true,"href":"https:\/\/umm.com.tr\/index.php?rest_route=%2Fwp%2Fv2%2Fcomments&post=37"}],"version-history":[{"count":2,"href":"https:\/\/umm.com.tr\/index.php?rest_route=\/wp\/v2\/pages\/37\/revisions"}],"predecessor-version":[{"id":139,"href":"https:\/\/umm.com.tr\/index.php?rest_route=\/wp\/v2\/pages\/37\/revisions\/139"}],"wp:attachment":[{"href":"https:\/\/umm.com.tr\/index.php?rest_route=%2Fwp%2Fv2%2Fmedia&parent=37"}],"curies":[{"name":"wp","href":"https:\/\/api.w.org\/{rel}","templated":true}]}}